{"id":88,"date":"2019-05-28T19:12:28","date_gmt":"2019-05-28T17:12:28","guid":{"rendered":"http:\/\/serwer1950757.home.pl\/autoinstalator\/wordpressplugins\/?page_id=88"},"modified":"2024-04-30T15:13:56","modified_gmt":"2024-04-30T13:13:56","slug":"po-godzinach","status":"publish","type":"page","link":"https:\/\/exkontakt.eu\/index.php\/aktualnosci\/po-godzinach\/","title":{"rendered":"Po godzinach"},"content":{"rendered":"<p>[et_pb_section fb_built=&#8221;1&#8243; admin_label=&#8221;Hero&#8221; _builder_version=&#8221;3.25.2&#8243; use_background_color_gradient=&#8221;on&#8221; background_color_gradient_start=&#8221;rgba(12,12,12,0.34)&#8221; background_color_gradient_end=&#8221;rgba(61,61,61,0.45)&#8221; background_color_gradient_overlays_image=&#8221;on&#8221; background_image=&#8221;https:\/\/exkontakt.eu\/wp-content\/uploads\/2020\/07\/MG_03016_dw1-1.jpg&#8221; custom_margin=&#8221;|||&#8221; custom_padding=&#8221;180px||0px|&#8221; bottom_divider_style=&#8221;slant&#8221; bottom_divider_color=&#8221;#ffffff&#8221; bottom_divider_flip=&#8221;horizontal&#8221; animation_style=&#8221;slide&#8221; animation_direction=&#8221;top&#8221; animation_intensity_slide=&#8221;5%&#8221; animation_starting_opacity=&#8221;100%&#8221;][et_pb_row column_structure=&#8221;3_5,2_5&#8243; custom_padding=&#8221;27px|0px|0px|0px&#8221; _builder_version=&#8221;3.25.2&#8243; background_size=&#8221;initial&#8221; background_position=&#8221;top_left&#8221; background_repeat=&#8221;repeat&#8221; width=&#8221;90%&#8221; max_width=&#8221;80%&#8221; module_alignment=&#8221;center&#8221;][et_pb_column type=&#8221;3_5&#8243; _builder_version=&#8221;3.25.2&#8243; custom_padding=&#8221;|||&#8221; custom_padding__hover=&#8221;|||&#8221;][et_pb_text admin_label=&#8221;Title&#8221; _builder_version=&#8221;3.25.2&#8243; text_font=&#8221;||||||||&#8221; header_font=&#8221;Montserrat|600|||||||&#8221; header_font_size=&#8221;60px&#8221; header_line_height=&#8221;1.2em&#8221; background_layout=&#8221;dark&#8221; animation_style=&#8221;zoom&#8221; animation_direction=&#8221;left&#8221; animation_intensity_zoom=&#8221;10%&#8221; header_font_size_phone=&#8221;72px&#8221; header_font_size_last_edited=&#8221;on|phone&#8221;]<\/p>\n<h1>Po godzinach<\/h1>\n<p>[\/et_pb_text][et_pb_divider color=&#8221;rgba(255,255,255,0.7)&#8221; divider_weight=&#8221;3px&#8221; _builder_version=&#8221;3.2&#8243; max_width=&#8221;120px&#8221; animation_style=&#8221;zoom&#8221; animation_direction=&#8221;left&#8221;][\/et_pb_divider][et_pb_text _builder_version=&#8221;3.25.2&#8243; text_font=&#8221;Montserrat|300|||||||&#8221; text_font_size=&#8221;20px&#8221; background_layout=&#8221;dark&#8221; animation_style=&#8221;zoom&#8221; animation_direction=&#8221;left&#8221; animation_delay=&#8221;100ms&#8221; animation_intensity_zoom=&#8221;10%&#8221;]<\/p>\n<p><b>Osobisty wymiar in\u017cynierii czasami nas zaskakuje.<\/b><br \/>\nNasze kontakty z bran\u017c\u0105 techniczn\u0105 czasami prowadz\u0105 do interesuj\u0105cych obserwacji. Wszystko jest interesuj\u0105ce i wszystko nas interesuje.<\/p>\n<p>[\/et_pb_text][et_pb_button button_url=&#8221;https:\/\/exkontakt.eu\/index.php\/normalizacja\/&#8221; button_text=&#8221;Normy Ex&#8221; _builder_version=&#8221;3.25.2&#8243; custom_button=&#8221;on&#8221; button_bg_color=&#8221;#8c8c8c&#8221; button_bg_color_gradient_start=&#8221;#4968ff&#8221; button_bg_color_gradient_end=&#8221;#6fe5f3&#8243; button_bg_color_gradient_direction=&#8221;90deg&#8221; button_border_width=&#8221;0px&#8221; button_border_radius=&#8221;0px&#8221; button_font=&#8221;Montserrat|500||on|||||&#8221; button_icon=&#8221;%%3%%&#8221; button_on_hover=&#8221;off&#8221; background_layout=&#8221;dark&#8221; custom_margin=&#8221;100px|||&#8221; custom_padding=&#8221;24px|60px|24px|40px&#8221; animation_style=&#8221;zoom&#8221; animation_direction=&#8221;left&#8221; animation_delay=&#8221;200ms&#8221; animation_intensity_zoom=&#8221;10%&#8221; button_text_size__hover_enabled=&#8221;off&#8221; button_one_text_size__hover_enabled=&#8221;off&#8221; button_two_text_size__hover_enabled=&#8221;off&#8221; button_text_color__hover_enabled=&#8221;off&#8221; button_one_text_color__hover_enabled=&#8221;off&#8221; button_two_text_color__hover_enabled=&#8221;off&#8221; button_border_width__hover_enabled=&#8221;off&#8221; button_one_border_width__hover_enabled=&#8221;off&#8221; button_two_border_width__hover_enabled=&#8221;off&#8221; button_border_color__hover_enabled=&#8221;off&#8221; button_one_border_color__hover_enabled=&#8221;off&#8221; button_two_border_color__hover_enabled=&#8221;off&#8221; button_border_radius__hover_enabled=&#8221;off&#8221; button_one_border_radius__hover_enabled=&#8221;off&#8221; button_two_border_radius__hover_enabled=&#8221;off&#8221; button_letter_spacing__hover_enabled=&#8221;off&#8221; button_one_letter_spacing__hover_enabled=&#8221;off&#8221; button_two_letter_spacing__hover_enabled=&#8221;off&#8221; button_bg_color__hover_enabled=&#8221;off&#8221; button_one_bg_color__hover_enabled=&#8221;off&#8221; button_two_bg_color__hover_enabled=&#8221;off&#8221;][\/et_pb_button][\/et_pb_column][et_pb_column type=&#8221;2_5&#8243; _builder_version=&#8221;3.25.2&#8243; background_color=&#8221;#8b8b8b&#8221; transform_translate_linked=&#8221;off&#8221; custom_padding=&#8221;30px|30px|30px|30px&#8221; custom_padding__hover=&#8221;|||&#8221;][et_pb_text _builder_version=&#8221;3.25.2&#8243; text_font=&#8221;||||||||&#8221; header_font=&#8221;|700|||||||&#8221; header_2_font=&#8221;Roboto|900|||||||&#8221; header_2_font_size=&#8221;3vw&#8221; header_2_line_height=&#8221;1.4em&#8221; header_4_font=&#8221;Roboto||||||||&#8221; header_4_text_color=&#8221;#666666&#8243; header_4_font_size=&#8221;24px&#8221; header_4_line_height=&#8221;1.2em&#8221; text_orientation=&#8221;right&#8221; background_layout=&#8221;dark&#8221; custom_margin=&#8221;17px|||||&#8221; header_font_size_phone=&#8221;25px&#8221; header_font_size_last_edited=&#8221;on|desktop&#8221; header_2_font_size_tablet=&#8221;35px&#8221; header_2_font_size_phone=&#8221;25px&#8221; header_2_font_size_last_edited=&#8221;on|tablet&#8221; locked=&#8221;off&#8221; header_font_size__hover=&#8221;30px&#8221; header_font_size__hover_enabled=&#8221;30px&#8221; header_letter_spacing__hover=&#8221;0px&#8221; header_letter_spacing__hover_enabled=&#8221;0px&#8221; header_text_shadow_style__hover=&#8221;none&#8221; header_text_shadow_style__hover_enabled=&#8221;none&#8221; header_text_shadow_color__hover=&#8221;rgba(0,0,0,0.4)&#8221; header_text_shadow_color__hover_enabled=&#8221;rgba(0,0,0,0.4)&#8221;]<\/p>\n<h1 style=\"text-align: center;\"><strong>Punkt\u00a0<\/strong><\/h1>\n<h1 style=\"text-align: center;\"><strong>kontaktowy\u00a0<\/strong><strong>Ex<\/strong><\/h1>\n<p>[\/et_pb_text][et_pb_text _builder_version=&#8221;3.25.2&#8243; text_font=&#8221;Montserrat||||||||&#8221; text_font_size=&#8221;13px&#8221; text_line_height=&#8221;19px&#8221; header_font=&#8221;||||||||&#8221; header_2_font=&#8221;Roboto|900|||||||&#8221; header_2_font_size=&#8221;60px&#8221; header_2_line_height=&#8221;1.4em&#8221; header_4_font=&#8221;Roboto||||||||&#8221; header_4_text_color=&#8221;#666666&#8243; header_4_font_size=&#8221;24px&#8221; header_4_line_height=&#8221;1.2em&#8221; text_orientation=&#8221;right&#8221; background_layout=&#8221;dark&#8221; custom_margin=&#8221;80px||0px|||&#8221; custom_margin_last_edited=&#8221;on|tablet&#8221; header_2_font_size_tablet=&#8221;35px&#8221; header_2_font_size_phone=&#8221;25px&#8221; header_2_font_size_last_edited=&#8221;on|desktop&#8221; locked=&#8221;off&#8221; header_font_size__hover=&#8221;30px&#8221; header_font_size__hover_enabled=&#8221;30px&#8221; header_letter_spacing__hover=&#8221;0px&#8221; header_letter_spacing__hover_enabled=&#8221;0px&#8221; header_text_shadow_style__hover=&#8221;none&#8221; header_text_shadow_style__hover_enabled=&#8221;none&#8221; header_text_shadow_color__hover=&#8221;rgba(0,0,0,0.4)&#8221; header_text_shadow_color__hover_enabled=&#8221;rgba(0,0,0,0.4)&#8221;]<\/p>\n<p style=\"text-align: center;\"><span style=\"font-weight: 400;\">Ex\u00a0contact\u00a0point \u00b7 Ex-Kontaktstelle \u00b7 Kontaktn\u00ed\u00a0bod\u00a0Ex \u00b7 Point\u00a0de\u00a0contact Ex \u00b7 Ex\u00a0punto\u00a0de\u00a0contacto \u00b7 Ex\u00a0kontaktinis\u00a0punktas \u00b7 Ex\u00a0kontaktpunkts \u00b7 Ex\u00a0kontaktpunkt \u00b7 Ponto\u00a0de\u00a0contato\u00a0Ex \u00b7 \u041a\u043e\u043d\u0442\u0430\u043a\u0442\u043d\u043e\u0435\u00a0\u043c\u0435\u0441\u0442\u043e\u00a0Ex \u00b7 Kontaktn\u00fd\u00a0bod\u00a0Ex \u00b7 Ex\u00a0kontaktpunkt \u00b7 Temas\u00a0noktas\u0131\u00a0Ex \u00b7 \u041a\u043e\u043d\u0442\u0430\u043a\u0442\u043d\u0435\u00a0\u043c\u0456\u0441\u0446\u0435\u00a0Ex \u00b7 Ex\u00a0kapcsolatpont \u00b7 Punto\u00a0di\u00a0contatto\u00a0Ex \u00b7 K\u0430\u043d\u0442\u0430\u043a\u0442\u043d\u044b\u00a0\u043f\u0443\u043d\u043a\u0442\u00a0Ex \u00b7 Ex-yhteyspiste \u00b7 Ex\u00a0contactpunt \u00b7 Punct\u00a0de\u00a0contact\u00a0Ex \u00b7 Punkt\u00a0kontaktowy\u00a0Ex<\/span><\/p>\n<p>[\/et_pb_text][\/et_pb_column][\/et_pb_row][\/et_pb_section][et_pb_section fb_built=&#8221;1&#8243; admin_label=&#8221;About&#8221; _builder_version=&#8221;3.22.3&#8243; custom_padding=&#8221;90px||0px|||&#8221; saved_tabs=&#8221;all&#8221;][et_pb_row custom_padding=&#8221;|||&#8221; custom_margin=&#8221;|||&#8221; _builder_version=&#8221;3.25&#8243;][et_pb_column type=&#8221;4_4&#8243; _builder_version=&#8221;3.25&#8243; custom_padding=&#8221;|||&#8221; custom_padding__hover=&#8221;|||&#8221;][et_pb_text admin_label=&#8221;Title&#8221; _builder_version=&#8221;3.25.2&#8243; text_font=&#8221;Montserrat|300|||||||&#8221; text_font_size=&#8221;16px&#8221; header_font=&#8221;||||||||&#8221; header_2_font=&#8221;Montserrat|500|||||||&#8221; header_2_text_align=&#8221;center&#8221; header_2_text_color=&#8221;#0365c0&#8243; header_2_font_size=&#8221;30px&#8221; header_2_line_height=&#8221;1.4em&#8221; text_orientation=&#8221;center&#8221; max_width=&#8221;700px&#8221; module_alignment=&#8221;center&#8221; custom_margin=&#8221;||-2px|||&#8221; animation_direction=&#8221;right&#8221;]<\/p>\n<h2 id=\"h8sjxelo4hp1gm48ar1nw7eqrrg43y3\"><b>Po godzinach<\/b><\/h2>\n<p>Nasze aktywno\u015bci i pasje nie ograniczaj\u0105 si\u0119 jedynie do aktywno\u015bci zawodowej, w tym dziale prezentujemy to co nas ostatnio zainteresowa\u0142o.<\/p>\n<p>&nbsp;<\/p>\n<p>[\/et_pb_text][\/et_pb_column][\/et_pb_row][et_pb_row column_structure=&#8221;1_3,1_3,1_3&#8243; custom_padding=&#8221;||0px|||&#8221; _builder_version=&#8221;3.25.2&#8243;][et_pb_column type=&#8221;1_3&#8243; _builder_version=&#8221;3.25.2&#8243;][\/et_pb_column][et_pb_column type=&#8221;1_3&#8243; _builder_version=&#8221;3.25.2&#8243;][et_pb_divider color=&#8221;#c4c4c4&#8243; _builder_version=&#8221;3.25.2&#8243;][\/et_pb_divider][\/et_pb_column][et_pb_column type=&#8221;1_3&#8243; _builder_version=&#8221;3.25.2&#8243;][\/et_pb_column][\/et_pb_row][\/et_pb_section][et_pb_section fb_built=&#8221;1&#8243; admin_label=&#8221;About&#8221; _builder_version=&#8221;3.25.2&#8243; background_color=&#8221;#6b6b6b&#8221; custom_padding=&#8221;50px||0px|||&#8221; saved_tabs=&#8221;all&#8221;][et_pb_row _builder_version=&#8221;3.25.2&#8243;][et_pb_column type=&#8221;4_4&#8243; _builder_version=&#8221;3.25.2&#8243;][et_pb_gallery gallery_ids=&#8221;238,239,240,241,242,243,244,245,246,247,248,599,600,601,602,603,604,605,606,607,608,609,365,366,367,368,369,370&#8243; posts_number=&#8221;8&#8243; _builder_version=&#8221;3.25.2&#8243; title_font=&#8221;Montserrat|600|||||||&#8221; title_font_size=&#8221;15px&#8221; title_line_height=&#8221;19px&#8221; caption_font=&#8221;Montserrat||||||||&#8221; pagination_font=&#8221;||||||||&#8221; pagination_text_color__hover_enabled=&#8221;on&#8221; pagination_text_color__hover=&#8221;#0c71c3&#8243;][\/et_pb_gallery][\/et_pb_column][\/et_pb_row][\/et_pb_section][et_pb_section fb_built=&#8221;1&#8243; _builder_version=&#8221;3.25.2&#8243; background_color=&#8221;#898989&#8243; custom_padding=&#8221;0px||0px|||&#8221; global_module=&#8221;1137&#8243; saved_tabs=&#8221;all&#8221;][et_pb_row _builder_version=&#8221;3.25.2&#8243;][et_pb_column type=&#8221;4_4&#8243; _builder_version=&#8221;3.25.2&#8243;][et_pb_text _builder_version=&#8221;3.25.2&#8243; text_font=&#8221;||||||||&#8221; text_text_align=&#8221;center&#8221; text_text_color=&#8221;#ffffff&#8221;]<\/p>\n<p>All rights reserved copyright \u00a9<strong>\u00a0<\/strong>Since 2019 ExKontakt<\/p>\n<p>[\/et_pb_text][\/et_pb_column][\/et_pb_row][\/et_pb_section]<\/p>\n","protected":false},"excerpt":{"rendered":"<p>[et_pb_section fb_built=&#8221;1&#8243; admin_label=&#8221;Hero&#8221; _builder_version=&#8221;3.25.2&#8243; use_background_color_gradient=&#8221;on&#8221; background_color_gradient_start=&#8221;rgba(12,12,12,0.34)&#8221; background_color_gradient_end=&#8221;rgba(61,61,61,0.45)&#8221; background_color_gradient_overlays_image=&#8221;on&#8221; background_image=&#8221;https:\/\/exkontakt.eu\/wp-content\/uploads\/2020\/07\/MG_03016_dw1-1.jpg&#8221; custom_margin=&#8221;|||&#8221; custom_padding=&#8221;180px||0px|&#8221; bottom_divider_style=&#8221;slant&#8221; bottom_divider_color=&#8221;#ffffff&#8221; bottom_divider_flip=&#8221;horizontal&#8221; animation_style=&#8221;slide&#8221; animation_direction=&#8221;top&#8221; animation_intensity_slide=&#8221;5%&#8221; animation_starting_opacity=&#8221;100%&#8221;][et_pb_row column_structure=&#8221;3_5,2_5&#8243; custom_padding=&#8221;27px|0px|0px|0px&#8221; _builder_version=&#8221;3.25.2&#8243; background_size=&#8221;initial&#8221; background_position=&#8221;top_left&#8221; background_repeat=&#8221;repeat&#8221; width=&#8221;90%&#8221; max_width=&#8221;80%&#8221; module_alignment=&#8221;center&#8221;][et_pb_column type=&#8221;3_5&#8243; _builder_version=&#8221;3.25.2&#8243; custom_padding=&#8221;|||&#8221; custom_padding__hover=&#8221;|||&#8221;][et_pb_text admin_label=&#8221;Title&#8221; _builder_version=&#8221;3.25.2&#8243; text_font=&#8221;||||||||&#8221; header_font=&#8221;Montserrat|600|||||||&#8221; header_font_size=&#8221;60px&#8221; header_line_height=&#8221;1.2em&#8221; background_layout=&#8221;dark&#8221; animation_style=&#8221;zoom&#8221; animation_direction=&#8221;left&#8221; animation_intensity_zoom=&#8221;10%&#8221; header_font_size_phone=&#8221;72px&#8221; header_font_size_last_edited=&#8221;on|phone&#8221;] Po godzinach [\/et_pb_text][et_pb_divider color=&#8221;rgba(255,255,255,0.7)&#8221; divider_weight=&#8221;3px&#8221; _builder_version=&#8221;3.2&#8243; max_width=&#8221;120px&#8221; animation_style=&#8221;zoom&#8221; animation_direction=&#8221;left&#8221;][\/et_pb_divider][et_pb_text _builder_version=&#8221;3.25.2&#8243; text_font=&#8221;Montserrat|300|||||||&#8221; text_font_size=&#8221;20px&#8221; [&hellip;]<\/p>\n","protected":false},"author":1,"featured_media":0,"parent":65,"menu_order":0,"comment_status":"closed","ping_status":"closed","template":"","meta":{"_et_pb_use_builder":"on","_et_pb_old_content":"","footnotes":""},"_links":{"self":[{"href":"https:\/\/exkontakt.eu\/index.php\/wp-json\/wp\/v2\/pages\/88"}],"collection":[{"href":"https:\/\/exkontakt.eu\/index.php\/wp-json\/wp\/v2\/pages"}],"about":[{"href":"https:\/\/exkontakt.eu\/index.php\/wp-json\/wp\/v2\/types\/page"}],"author":[{"embeddable":true,"href":"https:\/\/exkontakt.eu\/index.php\/wp-json\/wp\/v2\/users\/1"}],"replies":[{"embeddable":true,"href":"https:\/\/exkontakt.eu\/index.php\/wp-json\/wp\/v2\/comments?post=88"}],"version-history":[{"count":44,"href":"https:\/\/exkontakt.eu\/index.php\/wp-json\/wp\/v2\/pages\/88\/revisions"}],"predecessor-version":[{"id":1526,"href":"https:\/\/exkontakt.eu\/index.php\/wp-json\/wp\/v2\/pages\/88\/revisions\/1526"}],"up":[{"embeddable":true,"href":"https:\/\/exkontakt.eu\/index.php\/wp-json\/wp\/v2\/pages\/65"}],"wp:attachment":[{"href":"https:\/\/exkontakt.eu\/index.php\/wp-json\/wp\/v2\/media?parent=88"}],"curies":[{"name":"wp","href":"https:\/\/api.w.org\/{rel}","templated":true}]}}