{"id":68,"date":"2019-05-28T19:07:50","date_gmt":"2019-05-28T17:07:50","guid":{"rendered":"http:\/\/serwer1950757.home.pl\/autoinstalator\/wordpressplugins\/?page_id=68"},"modified":"2024-04-30T15:13:54","modified_gmt":"2024-04-30T13:13:54","slug":"normalizacja","status":"publish","type":"page","link":"https:\/\/exkontakt.eu\/index.php\/aktualnosci\/normalizacja\/","title":{"rendered":"Normalizacja"},"content":{"rendered":"<p>[et_pb_section fb_built=&#8221;1&#8243; admin_label=&#8221;Hero&#8221; _builder_version=&#8221;3.25.2&#8243; use_background_color_gradient=&#8221;on&#8221; background_color_gradient_start=&#8221;rgba(12,12,12,0.34)&#8221; background_color_gradient_end=&#8221;rgba(61,61,61,0.45)&#8221; background_color_gradient_overlays_image=&#8221;on&#8221; background_image=&#8221;https:\/\/exkontakt.eu\/wp-content\/uploads\/2019\/08\/MG_04132-1.jpg&#8221; custom_margin=&#8221;|||&#8221; custom_padding=&#8221;180px||0px|&#8221; bottom_divider_style=&#8221;slant&#8221; bottom_divider_color=&#8221;#ffffff&#8221; bottom_divider_flip=&#8221;horizontal&#8221; animation_style=&#8221;slide&#8221; animation_direction=&#8221;top&#8221; animation_intensity_slide=&#8221;5%&#8221; animation_starting_opacity=&#8221;100%&#8221;][et_pb_row column_structure=&#8221;3_5,2_5&#8243; custom_padding=&#8221;27px|0px|0px|0px&#8221; _builder_version=&#8221;3.25.2&#8243; background_size=&#8221;initial&#8221; background_position=&#8221;top_left&#8221; background_repeat=&#8221;repeat&#8221; width=&#8221;90%&#8221; max_width=&#8221;80%&#8221; module_alignment=&#8221;center&#8221;][et_pb_column type=&#8221;3_5&#8243; _builder_version=&#8221;3.25.2&#8243; custom_padding=&#8221;|||&#8221; custom_padding__hover=&#8221;|||&#8221;][et_pb_text admin_label=&#8221;Title&#8221; _builder_version=&#8221;3.25.2&#8243; text_font=&#8221;||||||||&#8221; header_font=&#8221;Montserrat|600|||||||&#8221; header_font_size=&#8221;60px&#8221; header_line_height=&#8221;1.2em&#8221; background_layout=&#8221;dark&#8221; animation_style=&#8221;zoom&#8221; animation_direction=&#8221;left&#8221; animation_intensity_zoom=&#8221;10%&#8221; header_font_size_phone=&#8221;72px&#8221; header_font_size_last_edited=&#8221;on|phone&#8221;]<\/p>\n<h1>Normy Ex<\/h1>\n<p>[\/et_pb_text][et_pb_divider color=&#8221;rgba(255,255,255,0.7)&#8221; divider_weight=&#8221;3px&#8221; _builder_version=&#8221;3.2&#8243; max_width=&#8221;120px&#8221; animation_style=&#8221;zoom&#8221; animation_direction=&#8221;left&#8221;][\/et_pb_divider][et_pb_text _builder_version=&#8221;3.25.2&#8243; text_font=&#8221;Montserrat|300|||||||&#8221; text_font_size=&#8221;20px&#8221; background_layout=&#8221;dark&#8221; animation_style=&#8221;zoom&#8221; animation_direction=&#8221;left&#8221; animation_delay=&#8221;100ms&#8221; animation_intensity_zoom=&#8221;10%&#8221;]<\/p>\n<p><strong>Od wymaga\u0144 dla wyrob\u00f3w Ex, przez klasyfikacje stref i ocen\u0119 ryzyka, po utrzymanie ruchu<\/strong><br \/>\nW obszarze Ex podstawowy zbi\u00f3r norm obejmuje kilkadziesi\u0105t pozycji.\u00a0Sa to normy zar\u00f3wno z obszaru dyrektywy 2014\/34\/UE (ATEX) jak i z\u00a0obszaru u\u017cytkownika czyli dyrektywy 1999\/92\/WE (ATEX user).<\/p>\n<p>[\/et_pb_text][et_pb_button button_url=&#8221;https:\/\/exkontakt.eu\/index.php\/publikacje\/&#8221; button_text=&#8221;Publikacje&#8221; _builder_version=&#8221;3.25.2&#8243; custom_button=&#8221;on&#8221; button_bg_color=&#8221;#8c8c8c&#8221; button_bg_color_gradient_start=&#8221;#4968ff&#8221; button_bg_color_gradient_end=&#8221;#6fe5f3&#8243; button_bg_color_gradient_direction=&#8221;90deg&#8221; button_border_width=&#8221;0px&#8221; button_border_radius=&#8221;0px&#8221; button_font=&#8221;Montserrat|500||on|||||&#8221; button_icon=&#8221;%%3%%&#8221; button_on_hover=&#8221;off&#8221; background_layout=&#8221;dark&#8221; custom_margin=&#8221;100px|||&#8221; custom_padding=&#8221;24px|60px|24px|40px&#8221; animation_style=&#8221;zoom&#8221; animation_direction=&#8221;left&#8221; animation_delay=&#8221;200ms&#8221; animation_intensity_zoom=&#8221;10%&#8221; button_text_size__hover_enabled=&#8221;off&#8221; button_one_text_size__hover_enabled=&#8221;off&#8221; button_two_text_size__hover_enabled=&#8221;off&#8221; button_text_color__hover_enabled=&#8221;off&#8221; button_one_text_color__hover_enabled=&#8221;off&#8221; button_two_text_color__hover_enabled=&#8221;off&#8221; button_border_width__hover_enabled=&#8221;off&#8221; button_one_border_width__hover_enabled=&#8221;off&#8221; button_two_border_width__hover_enabled=&#8221;off&#8221; button_border_color__hover_enabled=&#8221;off&#8221; button_one_border_color__hover_enabled=&#8221;off&#8221; button_two_border_color__hover_enabled=&#8221;off&#8221; button_border_radius__hover_enabled=&#8221;off&#8221; button_one_border_radius__hover_enabled=&#8221;off&#8221; button_two_border_radius__hover_enabled=&#8221;off&#8221; button_letter_spacing__hover_enabled=&#8221;off&#8221; button_one_letter_spacing__hover_enabled=&#8221;off&#8221; button_two_letter_spacing__hover_enabled=&#8221;off&#8221; button_bg_color__hover_enabled=&#8221;off&#8221; button_one_bg_color__hover_enabled=&#8221;off&#8221; button_two_bg_color__hover_enabled=&#8221;off&#8221;][\/et_pb_button][\/et_pb_column][et_pb_column type=&#8221;2_5&#8243; _builder_version=&#8221;3.25.2&#8243; background_color=&#8221;#8b8b8b&#8221; transform_translate_linked=&#8221;off&#8221; custom_padding=&#8221;30px|30px|30px|30px&#8221; custom_padding__hover=&#8221;|||&#8221;][et_pb_text _builder_version=&#8221;3.25.2&#8243; text_font=&#8221;||||||||&#8221; header_font=&#8221;|700|||||||&#8221; header_2_font=&#8221;Roboto|900|||||||&#8221; header_2_font_size=&#8221;3vw&#8221; header_2_line_height=&#8221;1.4em&#8221; header_4_font=&#8221;Roboto||||||||&#8221; header_4_text_color=&#8221;#666666&#8243; header_4_font_size=&#8221;24px&#8221; header_4_line_height=&#8221;1.2em&#8221; text_orientation=&#8221;right&#8221; background_layout=&#8221;dark&#8221; custom_margin=&#8221;17px|||||&#8221; header_font_size_phone=&#8221;25px&#8221; header_font_size_last_edited=&#8221;on|desktop&#8221; header_2_font_size_tablet=&#8221;35px&#8221; header_2_font_size_phone=&#8221;25px&#8221; header_2_font_size_last_edited=&#8221;on|tablet&#8221; locked=&#8221;off&#8221; header_font_size__hover=&#8221;30px&#8221; header_font_size__hover_enabled=&#8221;30px&#8221; header_letter_spacing__hover=&#8221;0px&#8221; header_letter_spacing__hover_enabled=&#8221;0px&#8221; header_text_shadow_style__hover=&#8221;none&#8221; header_text_shadow_style__hover_enabled=&#8221;none&#8221; header_text_shadow_color__hover=&#8221;rgba(0,0,0,0.4)&#8221; header_text_shadow_color__hover_enabled=&#8221;rgba(0,0,0,0.4)&#8221;]<\/p>\n<h1 style=\"text-align: center;\"><strong>Punkt\u00a0<\/strong><\/h1>\n<h1 style=\"text-align: center;\"><strong>kontaktowy\u00a0<\/strong><strong>Ex<\/strong><\/h1>\n<p>[\/et_pb_text][et_pb_text _builder_version=&#8221;3.25.2&#8243; text_font=&#8221;Montserrat||||||||&#8221; text_font_size=&#8221;13px&#8221; text_line_height=&#8221;19px&#8221; header_font=&#8221;||||||||&#8221; header_2_font=&#8221;Roboto|900|||||||&#8221; header_2_font_size=&#8221;60px&#8221; header_2_line_height=&#8221;1.4em&#8221; header_4_font=&#8221;Roboto||||||||&#8221; header_4_text_color=&#8221;#666666&#8243; header_4_font_size=&#8221;24px&#8221; header_4_line_height=&#8221;1.2em&#8221; text_orientation=&#8221;right&#8221; background_layout=&#8221;dark&#8221; custom_margin=&#8221;80px||0px|||&#8221; custom_margin_last_edited=&#8221;on|tablet&#8221; header_2_font_size_tablet=&#8221;35px&#8221; header_2_font_size_phone=&#8221;25px&#8221; header_2_font_size_last_edited=&#8221;on|desktop&#8221; locked=&#8221;off&#8221; header_font_size__hover=&#8221;30px&#8221; header_font_size__hover_enabled=&#8221;30px&#8221; header_letter_spacing__hover=&#8221;0px&#8221; header_letter_spacing__hover_enabled=&#8221;0px&#8221; header_text_shadow_style__hover=&#8221;none&#8221; header_text_shadow_style__hover_enabled=&#8221;none&#8221; header_text_shadow_color__hover=&#8221;rgba(0,0,0,0.4)&#8221; header_text_shadow_color__hover_enabled=&#8221;rgba(0,0,0,0.4)&#8221;]<\/p>\n<p style=\"text-align: center;\"><span style=\"font-weight: 400;\">Ex\u00a0contact\u00a0point \u00b7 Ex-Kontaktstelle \u00b7 Kontaktn\u00ed\u00a0bod\u00a0Ex \u00b7 Point\u00a0de\u00a0contact Ex \u00b7 Ex\u00a0punto\u00a0de\u00a0contacto \u00b7 Ex\u00a0kontaktinis\u00a0punktas \u00b7 Ex\u00a0kontaktpunkts \u00b7 Ex\u00a0kontaktpunkt \u00b7 Ponto\u00a0de\u00a0contato\u00a0Ex \u00b7 \u041a\u043e\u043d\u0442\u0430\u043a\u0442\u043d\u043e\u0435\u00a0\u043c\u0435\u0441\u0442\u043e\u00a0Ex \u00b7 Kontaktn\u00fd\u00a0bod\u00a0Ex \u00b7 Ex\u00a0kontaktpunkt \u00b7 Temas\u00a0noktas\u0131\u00a0Ex \u00b7 \u041a\u043e\u043d\u0442\u0430\u043a\u0442\u043d\u0435\u00a0\u043c\u0456\u0441\u0446\u0435\u00a0Ex \u00b7 Ex\u00a0kapcsolatpont \u00b7 Punto\u00a0di\u00a0contatto\u00a0Ex \u00b7 K\u0430\u043d\u0442\u0430\u043a\u0442\u043d\u044b\u00a0\u043f\u0443\u043d\u043a\u0442\u00a0Ex \u00b7 Ex-yhteyspiste \u00b7 Ex\u00a0contactpunt \u00b7 Punct\u00a0de\u00a0contact\u00a0Ex \u00b7 Punkt\u00a0kontaktowy\u00a0Ex<\/span><\/p>\n<p>[\/et_pb_text][\/et_pb_column][\/et_pb_row][\/et_pb_section][et_pb_section fb_built=&#8221;1&#8243; admin_label=&#8221;About&#8221; _builder_version=&#8221;3.22.3&#8243; custom_padding=&#8221;90px||90px|&#8221; saved_tabs=&#8221;all&#8221;][et_pb_row custom_padding=&#8221;|||&#8221; custom_margin=&#8221;|||&#8221; _builder_version=&#8221;3.25&#8243;][et_pb_column type=&#8221;4_4&#8243; _builder_version=&#8221;3.25&#8243; custom_padding=&#8221;|||&#8221; custom_padding__hover=&#8221;|||&#8221;][et_pb_text admin_label=&#8221;Title&#8221; _builder_version=&#8221;3.25.2&#8243; text_font=&#8221;Montserrat|300|||||||&#8221; text_font_size=&#8221;16px&#8221; header_font=&#8221;||||||||&#8221; header_2_font=&#8221;Montserrat|500|||||||&#8221; header_2_text_align=&#8221;center&#8221; header_2_text_color=&#8221;#0365c0&#8243; header_2_font_size=&#8221;30px&#8221; header_2_line_height=&#8221;1.4em&#8221; text_orientation=&#8221;center&#8221; max_width=&#8221;700px&#8221; module_alignment=&#8221;center&#8221; animation_direction=&#8221;right&#8221;]<\/p>\n<h2>Normalizacja<\/h2>\n<p>W zakresie zabezpiecze\u0144 przed wybuchem, tematy normalizacyjne prowadzone s\u0105 przez komitety Polskiego Komitetu Normalizacyjnego (PKN):<\/p>\n<p>[\/et_pb_text][\/et_pb_column][\/et_pb_row][et_pb_row column_structure=&#8221;1_2,1_2&#8243; custom_padding=&#8221;60px|0px|60px|0px&#8221; _builder_version=&#8221;3.25&#8243;][et_pb_column type=&#8221;1_2&#8243; _builder_version=&#8221;3.25&#8243; custom_padding=&#8221;|||&#8221; custom_padding__hover=&#8221;|||&#8221;][et_pb_blurb title=&#8221;KT64&#8243; _builder_version=&#8221;3.25.2&#8243; header_font=&#8221;Montserrat|500|||||||&#8221; header_text_color=&#8221;#0365c0&#8243; header_font_size=&#8221;61px&#8221; body_font=&#8221;Montserrat||||||||&#8221; body_font_size=&#8221;16px&#8221; text_orientation=&#8221;center&#8221;]<\/p>\n<p>KT64 ds. Elektrycznych urz\u0105dze\u0144 przeciwwybuchowych z siedzib\u0105 w Katowicach (GIG)<\/p>\n<p>[\/et_pb_blurb][\/et_pb_column][et_pb_column type=&#8221;1_2&#8243; _builder_version=&#8221;3.25&#8243; custom_padding=&#8221;|||&#8221; custom_padding__hover=&#8221;|||&#8221;][et_pb_blurb title=&#8221;KT269&#8243; _builder_version=&#8221;3.25.2&#8243; header_font=&#8221;Montserrat|500|||||||&#8221; header_text_color=&#8221;#0365c0&#8243; header_font_size=&#8221;61px&#8221; body_font=&#8221;Montserrat||||||||&#8221; body_font_size=&#8221;16px&#8221; text_orientation=&#8221;center&#8221; locked=&#8221;off&#8221;]<\/p>\n<p>KT269 ds. Bezpiecze\u0144stwa chemicznego z siedzib\u0105 w Warszawie (PKN)<\/p>\n<p>[\/et_pb_blurb][\/et_pb_column][\/et_pb_row][\/et_pb_section][et_pb_section fb_built=&#8221;1&#8243; admin_label=&#8221;About&#8221; _builder_version=&#8221;3.22.3&#8243; custom_padding=&#8221;0px||90px|||&#8221; saved_tabs=&#8221;all&#8221;][et_pb_row custom_padding=&#8221;|||&#8221; custom_margin=&#8221;|||&#8221; _builder_version=&#8221;3.25&#8243;][et_pb_column type=&#8221;4_4&#8243; _builder_version=&#8221;3.25&#8243; custom_padding=&#8221;|||&#8221; custom_padding__hover=&#8221;|||&#8221;][et_pb_text admin_label=&#8221;Title&#8221; _builder_version=&#8221;3.25.2&#8243; text_font=&#8221;Montserrat|300|||||||&#8221; text_font_size=&#8221;16px&#8221; header_font=&#8221;||||||||&#8221; header_2_font=&#8221;Montserrat|500|||||||&#8221; header_2_text_align=&#8221;center&#8221; header_2_text_color=&#8221;#0365c0&#8243; header_2_font_size=&#8221;30px&#8221; header_2_line_height=&#8221;1.4em&#8221; text_orientation=&#8221;center&#8221; max_width=&#8221;700px&#8221; module_alignment=&#8221;center&#8221; animation_direction=&#8221;right&#8221;]<\/p>\n<p>W obszarze europejskim i og\u00f3lno\u015bwiatowym, tematyka zabezpiecze\u0144 przed wybuchem prowadzona jest przez komitety CEN, CENELEC i IEC:<\/p>\n<p>[\/et_pb_text][\/et_pb_column][\/et_pb_row][et_pb_row column_structure=&#8221;1_2,1_2&#8243; custom_padding=&#8221;60px|0px|60px|0px&#8221; _builder_version=&#8221;3.25&#8243;][et_pb_column type=&#8221;1_2&#8243; _builder_version=&#8221;3.25&#8243; custom_padding=&#8221;|||&#8221; custom_padding__hover=&#8221;|||&#8221;][et_pb_blurb title=&#8221;CEN\/TC 305&#8243; _builder_version=&#8221;3.25.2&#8243; header_font=&#8221;Montserrat|500|||||||&#8221; header_text_color=&#8221;#0365c0&#8243; header_font_size=&#8221;50px&#8221; body_font=&#8221;Montserrat||||||||&#8221; body_font_size=&#8221;16px&#8221; text_orientation=&#8221;center&#8221;]<\/p>\n<p>CEN\/TC 305 Potentially explosive atmospheres &#8211; Explosion prevention and protection<\/p>\n<p>[\/et_pb_blurb][\/et_pb_column][et_pb_column type=&#8221;1_2&#8243; _builder_version=&#8221;3.25&#8243; custom_padding=&#8221;|||&#8221; custom_padding__hover=&#8221;|||&#8221;][et_pb_blurb title=&#8221;IEC\/CENELEC TC31&#8243; _builder_version=&#8221;3.25.2&#8243; header_font=&#8221;Montserrat|500|||||||&#8221; header_text_color=&#8221;#0365c0&#8243; header_font_size=&#8221;50px&#8221; body_font=&#8221;Montserrat||||||||&#8221; body_font_size=&#8221;16px&#8221; text_orientation=&#8221;center&#8221; header_font_size_last_edited=&#8221;off|desktop&#8221; locked=&#8221;off&#8221;]<\/p>\n<p>IEC\/CENELEC TC 31 Equipment for explosive atmospheres<\/p>\n<p>[\/et_pb_blurb][\/et_pb_column][\/et_pb_row][\/et_pb_section][et_pb_section fb_built=&#8221;1&#8243; _builder_version=&#8221;3.25.2&#8243; background_color=&#8221;#898989&#8243; custom_padding=&#8221;0px||0px|||&#8221; global_module=&#8221;1137&#8243; saved_tabs=&#8221;all&#8221;][et_pb_row _builder_version=&#8221;3.25.2&#8243;][et_pb_column type=&#8221;4_4&#8243; _builder_version=&#8221;3.25.2&#8243;][et_pb_text _builder_version=&#8221;3.25.2&#8243; text_font=&#8221;||||||||&#8221; text_text_align=&#8221;center&#8221; text_text_color=&#8221;#ffffff&#8221;]<\/p>\n<p>All rights reserved copyright \u00a9<strong>\u00a0<\/strong>Since 2019 ExKontakt<\/p>\n<p>[\/et_pb_text][\/et_pb_column][\/et_pb_row][\/et_pb_section]<\/p>\n","protected":false},"excerpt":{"rendered":"<p>[et_pb_section fb_built=&#8221;1&#8243; admin_label=&#8221;Hero&#8221; _builder_version=&#8221;3.25.2&#8243; use_background_color_gradient=&#8221;on&#8221; background_color_gradient_start=&#8221;rgba(12,12,12,0.34)&#8221; background_color_gradient_end=&#8221;rgba(61,61,61,0.45)&#8221; background_color_gradient_overlays_image=&#8221;on&#8221; background_image=&#8221;https:\/\/exkontakt.eu\/wp-content\/uploads\/2019\/08\/MG_04132-1.jpg&#8221; custom_margin=&#8221;|||&#8221; custom_padding=&#8221;180px||0px|&#8221; bottom_divider_style=&#8221;slant&#8221; bottom_divider_color=&#8221;#ffffff&#8221; bottom_divider_flip=&#8221;horizontal&#8221; animation_style=&#8221;slide&#8221; animation_direction=&#8221;top&#8221; animation_intensity_slide=&#8221;5%&#8221; animation_starting_opacity=&#8221;100%&#8221;][et_pb_row column_structure=&#8221;3_5,2_5&#8243; custom_padding=&#8221;27px|0px|0px|0px&#8221; _builder_version=&#8221;3.25.2&#8243; background_size=&#8221;initial&#8221; background_position=&#8221;top_left&#8221; background_repeat=&#8221;repeat&#8221; width=&#8221;90%&#8221; max_width=&#8221;80%&#8221; module_alignment=&#8221;center&#8221;][et_pb_column type=&#8221;3_5&#8243; _builder_version=&#8221;3.25.2&#8243; custom_padding=&#8221;|||&#8221; custom_padding__hover=&#8221;|||&#8221;][et_pb_text admin_label=&#8221;Title&#8221; _builder_version=&#8221;3.25.2&#8243; text_font=&#8221;||||||||&#8221; header_font=&#8221;Montserrat|600|||||||&#8221; header_font_size=&#8221;60px&#8221; header_line_height=&#8221;1.2em&#8221; background_layout=&#8221;dark&#8221; animation_style=&#8221;zoom&#8221; animation_direction=&#8221;left&#8221; animation_intensity_zoom=&#8221;10%&#8221; header_font_size_phone=&#8221;72px&#8221; header_font_size_last_edited=&#8221;on|phone&#8221;] Normy Ex [\/et_pb_text][et_pb_divider color=&#8221;rgba(255,255,255,0.7)&#8221; divider_weight=&#8221;3px&#8221; _builder_version=&#8221;3.2&#8243; max_width=&#8221;120px&#8221; animation_style=&#8221;zoom&#8221; animation_direction=&#8221;left&#8221;][\/et_pb_divider][et_pb_text _builder_version=&#8221;3.25.2&#8243; text_font=&#8221;Montserrat|300|||||||&#8221; text_font_size=&#8221;20px&#8221; [&hellip;]<\/p>\n","protected":false},"author":1,"featured_media":0,"parent":65,"menu_order":0,"comment_status":"closed","ping_status":"closed","template":"","meta":{"_et_pb_use_builder":"on","_et_pb_old_content":"","footnotes":""},"_links":{"self":[{"href":"https:\/\/exkontakt.eu\/index.php\/wp-json\/wp\/v2\/pages\/68"}],"collection":[{"href":"https:\/\/exkontakt.eu\/index.php\/wp-json\/wp\/v2\/pages"}],"about":[{"href":"https:\/\/exkontakt.eu\/index.php\/wp-json\/wp\/v2\/types\/page"}],"author":[{"embeddable":true,"href":"https:\/\/exkontakt.eu\/index.php\/wp-json\/wp\/v2\/users\/1"}],"replies":[{"embeddable":true,"href":"https:\/\/exkontakt.eu\/index.php\/wp-json\/wp\/v2\/comments?post=68"}],"version-history":[{"count":27,"href":"https:\/\/exkontakt.eu\/index.php\/wp-json\/wp\/v2\/pages\/68\/revisions"}],"predecessor-version":[{"id":1525,"href":"https:\/\/exkontakt.eu\/index.php\/wp-json\/wp\/v2\/pages\/68\/revisions\/1525"}],"up":[{"embeddable":true,"href":"https:\/\/exkontakt.eu\/index.php\/wp-json\/wp\/v2\/pages\/65"}],"wp:attachment":[{"href":"https:\/\/exkontakt.eu\/index.php\/wp-json\/wp\/v2\/media?parent=68"}],"curies":[{"name":"wp","href":"https:\/\/api.w.org\/{rel}","templated":true}]}}